{"id":316,"date":"2022-02-16T14:21:10","date_gmt":"2022-02-16T13:21:10","guid":{"rendered":"https:\/\/www.francealacarte.fr\/?page_id=316"},"modified":"2023-10-05T11:52:10","modified_gmt":"2023-10-05T09:52:10","slug":"mentions-legales","status":"publish","type":"page","link":"https:\/\/francealacarte.com\/es\/mentions-legales\/","title":{"rendered":"Aviso legal"},"content":{"rendered":"\t\t<div data-elementor-type=\"wp-page\" data-elementor-id=\"316\" class=\"elementor elementor-316\" data-elementor-post-type=\"page\">\n\t\t\t\t\t\t<section class=\"elementor-section elementor-top-section elementor-element elementor-element-0e8fcd5 elementor-section-full_width elementor-section-height-default elementor-section-height-default\" data-id=\"0e8fcd5\" data-element_type=\"section\" data-e-type=\"section\" data-settings=\"{&quot;background_background&quot;:&quot;classic&quot;}\">\n\t\t\t\t\t\t<div class=\"elementor-container elementor-column-gap-no\">\n\t\t\t\t\t<div class=\"elementor-column elementor-col-100 elementor-top-column elementor-element elementor-element-2e77ac5\" data-id=\"2e77ac5\" data-element_type=\"column\" data-e-type=\"column\" data-settings=\"{&quot;background_background&quot;:&quot;classic&quot;}\">\n\t\t\t<div class=\"elementor-widget-wrap elementor-element-populated\">\n\t\t\t\t\t\t<section class=\"elementor-section elementor-inner-section elementor-element elementor-element-6949fe9 elementor-section-full_width elementor-section-height-default elementor-section-height-default\" data-id=\"6949fe9\" data-element_type=\"section\" data-e-type=\"section\" data-settings=\"{&quot;background_background&quot;:&quot;classic&quot;,&quot;sticky&quot;:&quot;top&quot;,&quot;sticky_on&quot;:[&quot;widescreen&quot;,&quot;desktop&quot;,&quot;laptop&quot;,&quot;tablet&quot;,&quot;mobile&quot;],&quot;sticky_offset&quot;:0,&quot;sticky_effects_offset&quot;:0,&quot;sticky_anchor_link_offset&quot;:0}\">\n\t\t\t\t\t\t<div class=\"elementor-container elementor-column-gap-default\">\n\t\t\t\t\t<div class=\"elementor-column elementor-col-100 elementor-inner-column elementor-element elementor-element-afcbab6\" data-id=\"afcbab6\" data-element_type=\"column\" data-e-type=\"column\">\n\t\t\t<div class=\"elementor-widget-wrap\">\n\t\t\t\t\t\t\t<\/div>\n\t\t<\/div>\n\t\t\t\t\t<\/div>\n\t\t<\/section>\n\t\t\t\t\t<\/div>\n\t\t<\/div>\n\t\t\t\t\t<\/div>\n\t\t<\/section>\n\t\t\t\t<section class=\"elementor-section elementor-top-section elementor-element elementor-element-b7f0530 elementor-section-full_width elementor-section-height-default elementor-section-height-default\" data-id=\"b7f0530\" data-element_type=\"section\" data-e-type=\"section\">\n\t\t\t\t\t\t<div class=\"elementor-container elementor-column-gap-default\">\n\t\t\t\t\t<div class=\"elementor-column elementor-col-100 elementor-top-column elementor-element elementor-element-c1213b1\" data-id=\"c1213b1\" data-element_type=\"column\" data-e-type=\"column\">\n\t\t\t<div class=\"elementor-widget-wrap elementor-element-populated\">\n\t\t\t\t\t\t<div class=\"elementor-element elementor-element-626b2a8 elementor-widget elementor-widget-heading\" data-id=\"626b2a8\" data-element_type=\"widget\" data-e-type=\"widget\" data-widget_type=\"heading.default\">\n\t\t\t\t\t\t<div class=\"elementor-widget-container\">\n\t\t\t\t\t<h1 class=\"elementor-heading-title elementor-size-default\">Mentions l\u00e9gales<\/h1>\t\t\t\t<\/div>\n\t\t\t\t<\/div>\n\t\t\t\t<div class=\"elementor-element elementor-element-caa9765 elementor-widget elementor-widget-text-editor\" data-id=\"caa9765\" data-element_type=\"widget\" data-e-type=\"widget\" data-widget_type=\"text-editor.default\">\n\t\t\t\t\t\t<div class=\"elementor-widget-container\">\n\t\t\t\t\t\t\t\t\t<p><strong>Identit\u00e9<\/strong> <br \/>Nom du site web : France \u00e0 la carte<br \/>Adresse : https:\/\/www.francealacarte.fr\/<br \/>Propri\u00e9taire : France \u00e0 la Carte<br \/>Responsable de publication : Dylan Butler<br \/>Conception et r\u00e9alisation : Code Kitchen<br \/>Animation : Dylan Butler <br \/>H\u00e9bergement : OVH SAS : 2 rue Kellermann \u2013 BP 80157 59053 ROUBAIX CEDEX 1<\/p><p><strong>Personne morale<\/strong><br \/>SARL France \u00e0 la carte au capital social de 8200 EUROS &#8211; 39 rue des Orpellieres 31200 Toulouse &#8211; SIREN 448 747 220 RCS TOULOUSE<\/p><p>Assurance responsabilit\u00e9 civile &#8211; Contrat HISCOX : HA RCP0086423<\/p><p>Immatriculation Atout France 031120024<\/p><p>T\u00e9l\u00e9phone: 05.61.57.25.06 &#8211; Email: info@francealacarte.com<\/p><p><strong>Conditions d\u2019utilisation<\/strong> <br \/>L\u2019utilisation du pr\u00e9sent site implique l\u2019acceptation pleine et enti\u00e8re des conditions g\u00e9n\u00e9rales d\u2019utilisation d\u00e9crites ci-apr\u00e8s. Ces conditions d\u2019utilisation sont susceptibles d\u2019\u00eatre modifi\u00e9es ou compl\u00e9t\u00e9es \u00e0 tout moment. <br \/>Informations <br \/>Les informations et documents du site sont pr\u00e9sent\u00e9s \u00e0 titre indicatif, n\u2019ont pas de caract\u00e8re exhaustif, et ne peuvent engager la responsabilit\u00e9 du propri\u00e9taire du site. <br \/>Le propri\u00e9taire du site ne peut \u00eatre tenu responsable des dommages directs et indirects cons\u00e9cutifs \u00e0 l\u2019acc\u00e8s au site.<\/p><p><strong>Propri\u00e9t\u00e9 intellectuelle<\/strong> <br \/>Sauf mention contraire, tous les \u00e9l\u00e9ments accessibles sur le site (textes, images, graphismes, logo, ic\u00f4nes, sons, logiciels, etc.) restent la propri\u00e9t\u00e9 exclusive de leurs auteurs, en ce qui concerne les droits de propri\u00e9t\u00e9 intellectuelle ou les droits d\u2019usage. 1<br \/>Toute reproduction, repr\u00e9sentation, modification, publication, adaptation de tout ou partie des \u00e9l\u00e9ments du site, quel que soit le moyen ou le proc\u00e9d\u00e9 utilis\u00e9, est interdite, sauf autorisation \u00e9crite pr\u00e9alable de l\u2019auteur.23 <br \/>Toute exploitation non autoris\u00e9e du site ou de l\u2019un quelconque des \u00e9l\u00e9ments qu\u2019il contient est consid\u00e9r\u00e9e comme constitutive d\u2019une contrefa\u00e7on et poursuivie. 4 <br \/>Les marques et logos reproduits sur le site sont d\u00e9pos\u00e9s par les soci\u00e9t\u00e9s qui en sont<\/p><p><strong>Propri\u00e9taires<\/strong>\u00a0: <a href=\"https:\/\/data.inpi.fr\/entreprises\/448747220?q=france%20%C3%A0%20la%20carte#448747220\">https:\/\/data.inpi.fr\/entreprises\/448747220?q=france%20%C3%A0%20la%20carte#448747220<\/a><\/p><p><strong>Liens sortants<\/strong> <br \/>Le propri\u00e9taire du site d\u00e9cline toute responsabilit\u00e9 et n\u2019est pas engag\u00e9 par le r\u00e9f\u00e9rencement via des liens hypertextes, de ressources tierces pr\u00e9sentes sur le r\u00e9seau Internet, tant en ce qui concerne leur contenu que leur pertinence.<\/p><p><strong>Liens entrants<\/strong> <br \/>Le propri\u00e9taire du site autorise les liens hypertextes vers l\u2019une des pages de ce site, \u00e0 condition que ceux-ci ouvrent une nouvelle fen\u00eatre et soient pr\u00e9sent\u00e9s de mani\u00e8re non \u00e9quivoque afin d\u2019\u00e9viter : <br \/>\u2022 tout risque de confusion entre le site citant et le propri\u00e9taire du site <br \/>\u2022 ainsi que toute pr\u00e9sentation tendancieuse, ou contraire aux lois en vigueur. Le propri\u00e9taire du site se r\u00e9serve le droit de demander la suppression d\u2019un lien s\u2019il estime que le site source ne respecte pas les r\u00e8gles ainsi d\u00e9finies.<\/p><p><strong>Confidentialit\u00e9<\/strong> <br \/>Tout utilisateur dispose d\u2019un droit d\u2019acc\u00e8s, de rectification et d\u2019opposition aux donn\u00e9es personnelles le concernant, en effectuant sa demande \u00e9crite et sign\u00e9e, accompagn\u00e9e d\u2019une preuve d\u2019identit\u00e9. 5678 <br \/>Le site ne recueille pas d\u2019informations personnelles, et n\u2019est pas assujetti \u00e0 d\u00e9claration \u00e0 la CNIL.<\/p><p><strong>Cr\u00e9dits<\/strong> <br \/>Unsplash.com<br \/>Shutterstock.com<\/p><p><strong>Donn\u00e9es \u00e0 caract\u00e8res personnels<\/strong><\/p><p>Les informations recueillies sur ce formulaire sont enregistr\u00e9es dans un fichier informatis\u00e9 par <strong>la soci\u00e9t\u00e9 France \u00e0 la carte<\/strong>.<\/p><p>Les donn\u00e9es collect\u00e9es seront communiqu\u00e9es aux seuls destinataires suivants :<\/p><p><strong>Direction et service communication de la soci\u00e9t\u00e9 France \u00e0 la carte.<\/strong><\/p><p>Les donn\u00e9es sont conserv\u00e9es pendant durant<strong> 3 ans en cas d\u2019inactivit\u00e9 ou de demande express de suppression de la base<\/strong>. <br \/>Vous pouvez acc\u00e9der aux donn\u00e9es vous concernant, les rectifier, demander leur effacement ou exercer votre droit \u00e0 la limitation du traitement de vos donn\u00e9es. <strong>Vous pouvez retirer \u00e0 tout moment votre consentement au traitement de vos donn\u00e9es ; Vous pouvez \u00e9galement vous opposer au traitement de vos donn\u00e9es<\/strong>.<\/p><p>Consultez le site cnil.fr pour plus d\u2019informations sur vos droits.<\/p><p>Mentions l\u00e9gales fournies par WebExpress \u2013 Version 1.5 \u2013 Utilisation libre sous Licence Creative Commons CC BY-NC-ND 3.0 FR \/ creativecommons.org et par cnil.fr<\/p><p>1. Articles L111-1 et suivants du Code de la Propri\u00e9t\u00e9 Intellectuelle du 1er juillet 1992\u00a0<\/p><p>2. Article 41 de la loi du 11 mars 1957<\/p><p>3. Article L. 226-13 du Code p\u00e9nal et la Directive Europ\u00e9enne du 24 octobre 1995<\/p><p>4. Articles L.335-2 et suivants du Code de Propri\u00e9t\u00e9 Intellectuelle\u00a0<br \/>5. Loi n\u00b0 78-87 du 6 janvier 1978, modifi\u00e9e par la loi n\u00b0 2004-801 du 6 ao\u00fbt 2004, relative \u00e0 l\u2019informatique, aux fichiers et aux libert\u00e9s\u00a0<br \/>6. Articles 38 et suivants de la loi 78-17 du 6 janvier 1978 relative \u00e0 l\u2019informatique, aux fichiers et aux libert\u00e9s\u00a0<br \/>7. Loi du 1er juillet 1998 transposant la directive 96\/9 du 11 mars 1996 relative \u00e0 la protection juridique des bases de donn\u00e9es\u00a0<br \/>8. Loi n\u00b0 2004-801 du 6 ao\u00fbt 2004\u00a0<br \/>9. Article 6 de la loi n\u00b0 2004-575 du 21 juin 2004 pour la confiance dans l\u2019\u00e9conomie num\u00e9rique\u00a0<\/p>\t\t\t\t\t\t\t\t<\/div>\n\t\t\t\t<\/div>\n\t\t\t\t\t<\/div>\n\t\t<\/div>\n\t\t\t\t\t<\/div>\n\t\t<\/section>\n\t\t\t\t<\/div>\n\t\t","protected":false},"excerpt":{"rendered":"<p>Mentions l\u00e9gales Identit\u00e9 Nom du site web : France \u00e0 la carteAdresse : https:\/\/www.francealacarte.fr\/Propri\u00e9taire : France \u00e0 la CarteResponsable de publication : Dylan ButlerConception et r\u00e9alisation : Code KitchenAnimation : Dylan Butler H\u00e9bergement : OVH SAS : 2 rue Kellermann \u2013 BP 80157 59053 ROUBAIX CEDEX 1 Personne moraleSARL France \u00e0 la carte au capital [&hellip;]<\/p>\n","protected":false},"author":2,"featured_media":0,"parent":0,"menu_order":0,"comment_status":"closed","ping_status":"closed","template":"","meta":{"_acf_changed":false,"site-sidebar-layout":"default","site-content-layout":"","ast-site-content-layout":"default","site-content-style":"default","site-sidebar-style":"default","ast-global-header-display":"","ast-banner-title-visibility":"","ast-main-header-display":"","ast-hfb-above-header-display":"","ast-hfb-below-header-display":"","ast-hfb-mobile-header-display":"","site-post-title":"","ast-breadcrumbs-content":"","ast-featured-img":"","footer-sml-layout":"","ast-disable-related-posts":"","theme-transparent-header-meta":"","adv-header-id-meta":"","stick-header-meta":"","header-above-stick-meta":"","header-main-stick-meta":"","header-below-stick-meta":"","astra-migrate-meta-layouts":"default","ast-page-background-enabled":"default","ast-page-background-meta":{"desktop":{"background-color":"var(--ast-global-color-4)","background-image":"","background-repeat":"repeat","background-position":"center center","background-size":"auto","background-attachment":"scroll","background-type":"","background-media":"","overlay-type":"","overlay-color":"","overlay-opacity":"","overlay-gradient":""},"tablet":{"background-color":"","background-image":"","background-repeat":"repeat","background-position":"center center","background-size":"auto","background-attachment":"scroll","background-type":"","background-media":"","overlay-type":"","overlay-color":"","overlay-opacity":"","overlay-gradient":""},"mobile":{"background-color":"","background-image":"","background-repeat":"repeat","background-position":"center center","background-size":"auto","background-attachment":"scroll","background-type":"","background-media":"","overlay-type":"","overlay-color":"","overlay-opacity":"","overlay-gradient":""}},"ast-content-background-meta":{"desktop":{"background-color":"var(--ast-global-color-5)","background-image":"","background-repeat":"repeat","background-position":"center center","background-size":"auto","background-attachment":"scroll","background-type":"","background-media":"","overlay-type":"","overlay-color":"","overlay-opacity":"","overlay-gradient":""},"tablet":{"background-color":"var(--ast-global-color-5)","background-image":"","background-repeat":"repeat","background-position":"center center","background-size":"auto","background-attachment":"scroll","background-type":"","background-media":"","overlay-type":"","overlay-color":"","overlay-opacity":"","overlay-gradient":""},"mobile":{"background-color":"var(--ast-global-color-5)","background-image":"","background-repeat":"repeat","background-position":"center center","background-size":"auto","background-attachment":"scroll","background-type":"","background-media":"","overlay-type":"","overlay-color":"","overlay-opacity":"","overlay-gradient":""}},"footnotes":""},"class_list":["post-316","page","type-page","status-publish","hentry"],"acf":[],"yoast_head":"<!-- This site is optimized with the Yoast SEO plugin v27.2 - https:\/\/yoast.com\/product\/yoast-seo-wordpress\/ -->\n<title>Mentions l\u00e9gales - French Incoming Travel Agency<\/title>\n<meta name=\"robots\" content=\"index, follow, max-snippet:-1, max-image-preview:large, max-video-preview:-1\" \/>\n<link rel=\"canonical\" href=\"https:\/\/francealacarte.com\/es\/mentions-legales\/\" \/>\n<meta property=\"og:locale\" content=\"es_ES\" \/>\n<meta property=\"og:type\" content=\"article\" \/>\n<meta property=\"og:title\" content=\"Mentions l\u00e9gales - French Incoming Travel Agency\" \/>\n<meta property=\"og:description\" content=\"Mentions l\u00e9gales Identit\u00e9 Nom du site web : France \u00e0 la carteAdresse : https:\/\/www.francealacarte.fr\/Propri\u00e9taire : France \u00e0 la CarteResponsable de publication : Dylan ButlerConception et r\u00e9alisation : Code KitchenAnimation : Dylan Butler H\u00e9bergement : OVH SAS : 2 rue Kellermann \u2013 BP 80157 59053 ROUBAIX CEDEX 1 Personne moraleSARL France \u00e0 la carte au capital [&hellip;]\" \/>\n<meta property=\"og:url\" content=\"https:\/\/francealacarte.com\/es\/mentions-legales\/\" \/>\n<meta property=\"og:site_name\" content=\"French Incoming Travel Agency\" \/>\n<meta property=\"article:publisher\" content=\"https:\/\/www.facebook.com\/francealacarte.deeptravelexperiences\" \/>\n<meta property=\"article:modified_time\" content=\"2023-10-05T09:52:10+00:00\" \/>\n<meta name=\"twitter:card\" content=\"summary_large_image\" \/>\n<meta name=\"twitter:label1\" content=\"Tiempo de lectura\" \/>\n\t<meta name=\"twitter:data1\" content=\"10 minutos\" \/>\n<script type=\"application\/ld+json\" class=\"yoast-schema-graph\">{\"@context\":\"https:\/\/schema.org\",\"@graph\":[{\"@type\":\"WebPage\",\"@id\":\"https:\/\/francealacarte.com\/mentions-legales\/\",\"url\":\"https:\/\/francealacarte.com\/mentions-legales\/\",\"name\":\"Mentions l\u00e9gales - French Incoming Travel Agency\",\"isPartOf\":{\"@id\":\"https:\/\/francealacarte.com\/#website\"},\"datePublished\":\"2022-02-16T13:21:10+00:00\",\"dateModified\":\"2023-10-05T09:52:10+00:00\",\"breadcrumb\":{\"@id\":\"https:\/\/francealacarte.com\/mentions-legales\/#breadcrumb\"},\"inLanguage\":\"es\",\"potentialAction\":[{\"@type\":\"ReadAction\",\"target\":[\"https:\/\/francealacarte.com\/mentions-legales\/\"]}]},{\"@type\":\"BreadcrumbList\",\"@id\":\"https:\/\/francealacarte.com\/mentions-legales\/#breadcrumb\",\"itemListElement\":[{\"@type\":\"ListItem\",\"position\":1,\"name\":\"Accueil\",\"item\":\"https:\/\/francealacarte.com\/en\/\"},{\"@type\":\"ListItem\",\"position\":2,\"name\":\"Mentions l\u00e9gales\"}]},{\"@type\":\"WebSite\",\"@id\":\"https:\/\/francealacarte.com\/#website\",\"url\":\"https:\/\/francealacarte.com\/\",\"name\":\"French Incoming Travel Agency\",\"description\":\"France \u00e0 la Carte is a French incoming travel agency which specialises in organising tailor-made high quality &amp; luxury tours throughout France.\",\"publisher\":{\"@id\":\"https:\/\/francealacarte.com\/#organization\"},\"potentialAction\":[{\"@type\":\"SearchAction\",\"target\":{\"@type\":\"EntryPoint\",\"urlTemplate\":\"https:\/\/francealacarte.com\/?s={search_term_string}\"},\"query-input\":{\"@type\":\"PropertyValueSpecification\",\"valueRequired\":true,\"valueName\":\"search_term_string\"}}],\"inLanguage\":\"es\"},{\"@type\":\"Organization\",\"@id\":\"https:\/\/francealacarte.com\/#organization\",\"name\":\"France \u00e0 la carte\",\"url\":\"https:\/\/francealacarte.com\/\",\"logo\":{\"@type\":\"ImageObject\",\"inLanguage\":\"es\",\"@id\":\"https:\/\/francealacarte.com\/#\/schema\/logo\/image\/\",\"url\":\"https:\/\/francealacarte.com\/wp-content\/uploads\/2022\/03\/cropped-cropped-FAVICON.png\",\"contentUrl\":\"https:\/\/francealacarte.com\/wp-content\/uploads\/2022\/03\/cropped-cropped-FAVICON.png\",\"width\":512,\"height\":512,\"caption\":\"France \u00e0 la carte\"},\"image\":{\"@id\":\"https:\/\/francealacarte.com\/#\/schema\/logo\/image\/\"},\"sameAs\":[\"https:\/\/www.facebook.com\/francealacarte.deeptravelexperiences\"]}]}<\/script>\n<!-- \/ Yoast SEO plugin. -->","yoast_head_json":{"title":"Mentions l\u00e9gales - French Incoming Travel Agency","robots":{"index":"index","follow":"follow","max-snippet":"max-snippet:-1","max-image-preview":"max-image-preview:large","max-video-preview":"max-video-preview:-1"},"canonical":"https:\/\/francealacarte.com\/es\/mentions-legales\/","og_locale":"es_ES","og_type":"article","og_title":"Mentions l\u00e9gales - French Incoming Travel Agency","og_description":"Mentions l\u00e9gales Identit\u00e9 Nom du site web : France \u00e0 la carteAdresse : https:\/\/www.francealacarte.fr\/Propri\u00e9taire : France \u00e0 la CarteResponsable de publication : Dylan ButlerConception et r\u00e9alisation : Code KitchenAnimation : Dylan Butler H\u00e9bergement : OVH SAS : 2 rue Kellermann \u2013 BP 80157 59053 ROUBAIX CEDEX 1 Personne moraleSARL France \u00e0 la carte au capital [&hellip;]","og_url":"https:\/\/francealacarte.com\/es\/mentions-legales\/","og_site_name":"French Incoming Travel Agency","article_publisher":"https:\/\/www.facebook.com\/francealacarte.deeptravelexperiences","article_modified_time":"2023-10-05T09:52:10+00:00","twitter_card":"summary_large_image","twitter_misc":{"Tiempo de lectura":"10 minutos"},"schema":{"@context":"https:\/\/schema.org","@graph":[{"@type":"WebPage","@id":"https:\/\/francealacarte.com\/mentions-legales\/","url":"https:\/\/francealacarte.com\/mentions-legales\/","name":"Mentions l\u00e9gales - French Incoming Travel Agency","isPartOf":{"@id":"https:\/\/francealacarte.com\/#website"},"datePublished":"2022-02-16T13:21:10+00:00","dateModified":"2023-10-05T09:52:10+00:00","breadcrumb":{"@id":"https:\/\/francealacarte.com\/mentions-legales\/#breadcrumb"},"inLanguage":"es","potentialAction":[{"@type":"ReadAction","target":["https:\/\/francealacarte.com\/mentions-legales\/"]}]},{"@type":"BreadcrumbList","@id":"https:\/\/francealacarte.com\/mentions-legales\/#breadcrumb","itemListElement":[{"@type":"ListItem","position":1,"name":"Accueil","item":"https:\/\/francealacarte.com\/en\/"},{"@type":"ListItem","position":2,"name":"Mentions l\u00e9gales"}]},{"@type":"WebSite","@id":"https:\/\/francealacarte.com\/#website","url":"https:\/\/francealacarte.com\/","name":"French Incoming Travel Agency","description":"France \u00e0 la Carte is a French incoming travel agency which specialises in organising tailor-made high quality &amp; luxury tours throughout France.","publisher":{"@id":"https:\/\/francealacarte.com\/#organization"},"potentialAction":[{"@type":"SearchAction","target":{"@type":"EntryPoint","urlTemplate":"https:\/\/francealacarte.com\/?s={search_term_string}"},"query-input":{"@type":"PropertyValueSpecification","valueRequired":true,"valueName":"search_term_string"}}],"inLanguage":"es"},{"@type":"Organization","@id":"https:\/\/francealacarte.com\/#organization","name":"France \u00e0 la carte","url":"https:\/\/francealacarte.com\/","logo":{"@type":"ImageObject","inLanguage":"es","@id":"https:\/\/francealacarte.com\/#\/schema\/logo\/image\/","url":"https:\/\/francealacarte.com\/wp-content\/uploads\/2022\/03\/cropped-cropped-FAVICON.png","contentUrl":"https:\/\/francealacarte.com\/wp-content\/uploads\/2022\/03\/cropped-cropped-FAVICON.png","width":512,"height":512,"caption":"France \u00e0 la carte"},"image":{"@id":"https:\/\/francealacarte.com\/#\/schema\/logo\/image\/"},"sameAs":["https:\/\/www.facebook.com\/francealacarte.deeptravelexperiences"]}]}},"_links":{"self":[{"href":"https:\/\/francealacarte.com\/es\/wp-json\/wp\/v2\/pages\/316","targetHints":{"allow":["GET"]}}],"collection":[{"href":"https:\/\/francealacarte.com\/es\/wp-json\/wp\/v2\/pages"}],"about":[{"href":"https:\/\/francealacarte.com\/es\/wp-json\/wp\/v2\/types\/page"}],"author":[{"embeddable":true,"href":"https:\/\/francealacarte.com\/es\/wp-json\/wp\/v2\/users\/2"}],"replies":[{"embeddable":true,"href":"https:\/\/francealacarte.com\/es\/wp-json\/wp\/v2\/comments?post=316"}],"version-history":[{"count":34,"href":"https:\/\/francealacarte.com\/es\/wp-json\/wp\/v2\/pages\/316\/revisions"}],"predecessor-version":[{"id":7756,"href":"https:\/\/francealacarte.com\/es\/wp-json\/wp\/v2\/pages\/316\/revisions\/7756"}],"wp:attachment":[{"href":"https:\/\/francealacarte.com\/es\/wp-json\/wp\/v2\/media?parent=316"}],"curies":[{"name":"wp","href":"https:\/\/api.w.org\/{rel}","templated":true}]}}